{"id":2769,"date":"2024-06-24T03:50:44","date_gmt":"2024-06-24T01:50:44","guid":{"rendered":"https:\/\/bunpan.pl\/?page_id=2769"},"modified":"2024-07-02T10:46:18","modified_gmt":"2024-07-02T08:46:18","slug":"kontakt","status":"publish","type":"page","link":"https:\/\/bunpan.pl\/en\/kontakt\/","title":{"rendered":"Contact"},"content":{"rendered":"<div data-elementor-type=\"wp-page\" data-elementor-id=\"2769\" class=\"elementor elementor-2769\">\n\t\t\t\t\t\t<section class=\"elementor-section elementor-top-section elementor-element elementor-element-f9df9f6 elementor-section-boxed elementor-section-height-default elementor-section-height-default\" data-id=\"f9df9f6\" data-element_type=\"section\">\n\t\t\t\t\t\t<div class=\"elementor-container elementor-column-gap-default\">\n\t\t\t\t\t<div class=\"elementor-column elementor-col-50 elementor-top-column elementor-element elementor-element-5f33b10\" data-id=\"5f33b10\" data-element_type=\"column\" data-settings=\"{&quot;background_background&quot;:&quot;classic&quot;}\">\n\t\t\t<div class=\"elementor-widget-wrap elementor-element-populated\">\n\t\t\t\t\t\t<div class=\"elementor-element elementor-element-0cdd6b5 elementor-widget elementor-widget-yolo_title\" data-id=\"0cdd6b5\" data-element_type=\"widget\" data-widget_type=\"yolo_title.default\">\n\t\t\t\t<div class=\"elementor-widget-container\">\n\t\t\t        <div class=\"yolo-modern-heading\">\n            \n            \n                    <div class=\"heading-primary-wrap\">\n            <h2 class=\"heading-primary elementor-heading-title\">Contact details\n<\/h2>        <\/div>\n        \n                    <\/div>\n        \t\t<\/div>\n\t\t\t\t<\/div>\n\t\t\t\t<div class=\"elementor-element elementor-element-075b377 icon-position-left elementor-widget elementor-widget-yolo_icon_box\" data-id=\"075b377\" data-element_type=\"widget\" data-widget_type=\"yolo_icon_box.default\">\n\t\t\t\t<div class=\"elementor-widget-container\">\n\t\t\t\n        <div class=\"yolo-sc-icon-box sc-icon-box-wrap\">\n            <div class=\"sc-icon-box-inner yolo-grid modern-grid mobile-1 tablet-2 desktop-1\">\n                                    <div class=\"icon-item\">\n                                                    <div class=\"icon style_2\">\n                                <i class=\"fal fa-address-book\"><\/i>                            <\/div>\n                                                <div class=\"item-content\">\n                                                            <h3 class=\"item-title\">\n                                     Address:                                <\/h3>\n                                                                                        <p class=\"item-description\">60\/62 Koszykowa St., apt. 10<br>\nWarsaw 00-673<br>\nBuilding in front of the Koszyki Hall<\/p>\n                                                    <\/div>\n                    <\/div>\n                                    <div class=\"icon-item\">\n                                                    <div class=\"icon style_2\">\n                                <i class=\"fal fa-phone-volume\"><\/i>                            <\/div>\n                                                <div class=\"item-content\">\n                                                            <h3 class=\"item-title\">\n                                    Phone:                                <\/h3>\n                                                                                        <p class=\"item-description\"> (+48) 787 428 174<\/p>\n                                                    <\/div>\n                    <\/div>\n                                    <div class=\"icon-item\">\n                                                    <div class=\"icon style_2\">\n                                <i class=\"fal fa-mailbox\"><\/i>                            <\/div>\n                                                <div class=\"item-content\">\n                                                            <h3 class=\"item-title\">\n                                    E-mail:                                <\/h3>\n                                                                                        <p class=\"item-description\">bunpanthaimassage23@gmail.com.<\/p>\n                                                    <\/div>\n                    <\/div>\n                                    <div class=\"icon-item\">\n                                                    <div class=\"icon style_2\">\n                                <i class=\"fal fa-clock\"><\/i>                            <\/div>\n                                                <div class=\"item-content\">\n                                                            <h3 class=\"item-title\">\n                                     Opening hours:                                <\/h3>\n                                                                                        <p class=\"item-description\">Mon.\u2013Sun.: 11am\u20139pm<\/p>\n                                                    <\/div>\n                    <\/div>\n                            <\/div>\n        <\/div>\n\n        \t\t<\/div>\n\t\t\t\t<\/div>\n\t\t\t\t\t<\/div>\n\t\t<\/div>\n\t\t\t\t<div class=\"elementor-column elementor-col-50 elementor-top-column elementor-element elementor-element-107ded1\" data-id=\"107ded1\" data-element_type=\"column\">\n\t\t\t<div class=\"elementor-widget-wrap elementor-element-populated\">\n\t\t\t\t\t\t<div class=\"elementor-element elementor-element-176d760 elementor-invisible elementor-widget elementor-widget-yolo_contact_form\" data-id=\"176d760\" data-element_type=\"widget\" data-settings=\"{&quot;_animation&quot;:&quot;fadeInRight&quot;}\" data-widget_type=\"yolo_contact_form.default\">\n\t\t\t\t<div class=\"elementor-widget-container\">\n\t\t\t \n        <div class=\"yolo-sc-contact-form sc-contact-form-wrap  style1 button_auto input_dark\">\n            \n<div class=\"wpcf7 no-js\" id=\"wpcf7-f487-o1\" lang=\"en-US\" dir=\"ltr\" data-wpcf7-id=\"487\">\n<div class=\"screen-reader-response\"><p role=\"status\" aria-live=\"polite\" aria-atomic=\"true\"><\/p> <ul><\/ul><\/div>\n<form action=\"\/en\/wp-json\/wp\/v2\/pages\/2769#wpcf7-f487-o1\" method=\"post\" class=\"wpcf7-form init\" aria-label=\"Contact form\" novalidate=\"novalidate\" data-status=\"init\" data-trp-original-action=\"\/en\/wp-json\/wp\/v2\/pages\/2769#wpcf7-f487-o1\">\n<div style=\"display: none;\">\n<input type=\"hidden\" name=\"_wpcf7\" value=\"487\" \/>\n<input type=\"hidden\" name=\"_wpcf7_version\" value=\"6.0\" \/>\n<input type=\"hidden\" name=\"_wpcf7_locale\" value=\"en_US\" \/>\n<input type=\"hidden\" name=\"_wpcf7_unit_tag\" value=\"wpcf7-f487-o1\" \/>\n<input type=\"hidden\" name=\"_wpcf7_container_post\" value=\"0\" \/>\n<input type=\"hidden\" name=\"_wpcf7_posted_data_hash\" value=\"\" \/>\n<\/div>\n<div class=\"row\">\n\t<div class=\"col-lg-6 col-md-6\">\n\t\t<p><span class=\"wpcf7-form-control-wrap\" data-name=\"your-name\"><input size=\"40\" maxlength=\"400\" class=\"wpcf7-form-control wpcf7-text wpcf7-validates-as-required\" aria-required=\"true\" aria-invalid=\"false\" placeholder=\"Enter your name*\" value=\"\" type=\"text\" name=\"your-name\" \/><\/span>\n\t\t<\/p>\n\t<\/div>\n\t<div class=\"col-lg-6 col-md-6\">\n\t\t<p><span class=\"wpcf7-form-control-wrap\" data-name=\"your-email\"><input size=\"40\" maxlength=\"400\" class=\"wpcf7-form-control wpcf7-email wpcf7-validates-as-required wpcf7-text wpcf7-validates-as-email\" aria-required=\"true\" aria-invalid=\"false\" placeholder=\"Enter your e-mail address*\" value=\"\" type=\"email\" name=\"your-email\" \/><\/span>\n\t\t<\/p>\n\t<\/div>\n\t<div class=\"col-lg-12 col-md-12\">\n\t\t<p><span class=\"wpcf7-form-control-wrap\" data-name=\"your-name\"><input size=\"40\" maxlength=\"400\" class=\"wpcf7-form-control wpcf7-text wpcf7-validates-as-required\" aria-required=\"true\" aria-invalid=\"false\" placeholder=\"Topic\" value=\"\" type=\"text\" name=\"your-name\" \/><\/span>\n\t\t<\/p>\n\t<\/div>\n\t<div class=\"col-lg-12 col-md-12\">\n\t\t<p><span class=\"wpcf7-form-control-wrap\" data-name=\"your-message\"><textarea cols=\"40\" rows=\"10\" maxlength=\"2000\" class=\"wpcf7-form-control wpcf7-textarea\" aria-invalid=\"false\" placeholder=\"Enter your message*\" name=\"your-message\"><\/textarea><\/span>\n\t\t<\/p>\n\t<\/div>\n\t<div class=\"col-lg-12 col-md-12\">\n\t\t<p><span class=\"wpcf7-form-control-wrap\" data-name=\"acceptance-794\"><span class=\"wpcf7-form-control wpcf7-acceptance optional\"><span class=\"wpcf7-list-item\"><label><input type=\"checkbox\" name=\"acceptance-794\" value=\"1\" class=\"test\" id=\"test\" aria-invalid=\"false\" \/><span class=\"wpcf7-list-item-label\">I am accepting<a href=\"https:\/\/bunpan.pl\/polityka-prywatnosci\/\"  target=\"_blank\"> conditions and privacy policy<\/a>.<\/span><\/label><\/span><\/span><\/span>\n\t\t<\/p>\n\t<\/div>\n\t<div class=\"col-lg-12 col-md-12\">\n\t\t<p><input class=\"wpcf7-form-control wpcf7-submit has-spinner btn-submit\" type=\"submit\" value=\"Send Message\" \/>\n\t\t<\/p>\n\t<\/div>\n<\/div><div class=\"wpcf7-response-output\" aria-hidden=\"true\"><\/div>\n<input type=\"hidden\" name=\"trp-form-language\" value=\"en\"\/><\/form>\n<\/div>\n        <\/div>\n        \t\t<\/div>\n\t\t\t\t<\/div>\n\t\t\t\t\t<\/div>\n\t\t<\/div>\n\t\t\t\t\t<\/div>\n\t\t<\/section>\n\t\t\t\t<section class=\"elementor-section elementor-top-section elementor-element elementor-element-25e64fb elementor-section-full_width elementor-section-height-default elementor-section-height-default\" data-id=\"25e64fb\" data-element_type=\"section\">\n\t\t\t\t\t\t<div class=\"elementor-container elementor-column-gap-no\">\n\t\t\t\t\t<div class=\"elementor-column elementor-col-50 elementor-top-column elementor-element elementor-element-0d9e571 elementor-hidden-tablet elementor-hidden-phone\" data-id=\"0d9e571\" data-element_type=\"column\" data-settings=\"{&quot;background_background&quot;:&quot;classic&quot;}\">\n\t\t\t<div class=\"elementor-widget-wrap\">\n\t\t\t\t\t\t\t<\/div>\n\t\t<\/div>\n\t\t\t\t<div class=\"elementor-column elementor-col-50 elementor-top-column elementor-element elementor-element-79c9a6a\" data-id=\"79c9a6a\" data-element_type=\"column\">\n\t\t\t<div class=\"elementor-widget-wrap elementor-element-populated\">\n\t\t\t\t\t\t<div class=\"elementor-element elementor-element-f50d0b0 elementor-widget elementor-widget-google_maps\" data-id=\"f50d0b0\" data-element_type=\"widget\" data-widget_type=\"google_maps.default\">\n\t\t\t\t<div class=\"elementor-widget-container\">\n\t\t\t\t\t<div class=\"elementor-custom-embed\">\n\t\t\t<iframe loading=\"lazy\"\n\t\t\t\t\tsrc=\"https:\/\/maps.google.com\/maps?q=ul.%20Koszykowa%2060%2F62%20lok.%2010%20Warszawa%2000-673&#038;t=m&#038;z=16&#038;output=embed&#038;iwloc=near\"\n\t\t\t\t\ttitle=\"60\/62 Koszykowa St., apt. 10, Warsaw 00-673\"\n\t\t\t\t\taria-label=\"60\/62 Koszykowa St., apt. 10, Warsaw 00-673\"\n\t\t\t><\/iframe>\n\t\t<\/div>\n\t\t\t\t<\/div>\n\t\t\t\t<\/div>\n\t\t\t\t\t<\/div>\n\t\t<\/div>\n\t\t\t\t\t<\/div>\n\t\t<\/section>\n\t\t\t\t<section class=\"elementor-section elementor-top-section elementor-element elementor-element-c122346 elementor-section-boxed elementor-section-height-default elementor-section-height-default elementor-invisible\" data-id=\"c122346\" data-element_type=\"section\" data-settings=\"{&quot;animation&quot;:&quot;zoomIn&quot;,&quot;animation_delay&quot;:100}\">\n\t\t\t\t\t\t<div class=\"elementor-container elementor-column-gap-default\">\n\t\t\t\t\t<div class=\"elementor-column elementor-col-100 elementor-top-column elementor-element elementor-element-202783c\" data-id=\"202783c\" data-element_type=\"column\">\n\t\t\t<div class=\"elementor-widget-wrap elementor-element-populated\">\n\t\t\t\t\t\t<div class=\"elementor-element elementor-element-3c8ee9b elementor-shape-circle elementor-grid-mobile-0 elementor-grid-0 e-grid-align-center elementor-widget elementor-widget-social-icons\" data-id=\"3c8ee9b\" data-element_type=\"widget\" data-widget_type=\"social-icons.default\">\n\t\t\t\t<div class=\"elementor-widget-container\">\n\t\t\t\t\t<div class=\"elementor-social-icons-wrapper elementor-grid\">\n\t\t\t\t\t\t\t<span class=\"elementor-grid-item\">\n\t\t\t\t\t<a class=\"elementor-icon elementor-social-icon elementor-social-icon-envelope elementor-repeater-item-7ddf74e\" href=\"mailto:bunpanthaimassage23@gmail.com\" target=\"_blank\">\n\t\t\t\t\t\t<span class=\"elementor-screen-only\">Envelope<\/span>\n\t\t\t\t\t\t<svg class=\"e-font-icon-svg e-far-envelope\" viewbox=\"0 0 512 512\" xmlns=\"http:\/\/www.w3.org\/2000\/svg\"><path d=\"M464 64H48C21.49 64 0 85.49 0 112v288c0 26.51 21.49 48 48 48h416c26.51 0 48-21.49 48-48V112c0-26.51-21.49-48-48-48zm0 48v40.805c-22.422 18.259-58.168 46.651-134.587 106.49-16.841 13.247-50.201 45.072-73.413 44.701-23.208.375-56.579-31.459-73.413-44.701C106.18 199.465 70.425 171.067 48 152.805V112h416zM48 400V214.398c22.914 18.251 55.409 43.862 104.938 82.646 21.857 17.205 60.134 55.186 103.062 54.955 42.717.231 80.509-37.199 103.053-54.947 49.528-38.783 82.032-64.401 104.947-82.653V400H48z\"><\/path><\/svg>\t\t\t\t\t<\/a>\n\t\t\t\t<\/span>\n\t\t\t\t\t\t\t<span class=\"elementor-grid-item\">\n\t\t\t\t\t<a class=\"elementor-icon elementor-social-icon elementor-social-icon-whatsapp elementor-repeater-item-5e97f16\" href=\"https:\/\/wa.me\/48787428174\" target=\"_blank\">\n\t\t\t\t\t\t<span class=\"elementor-screen-only\">Whatsapp<\/span>\n\t\t\t\t\t\t<svg class=\"e-font-icon-svg e-fab-whatsapp\" viewbox=\"0 0 448 512\" xmlns=\"http:\/\/www.w3.org\/2000\/svg\"><path d=\"M380.9 97.1C339 55.1 283.2 32 223.9 32c-122.4 0-222 99.6-222 222 0 39.1 10.2 77.3 29.6 111L0 480l117.7-30.9c32.4 17.7 68.9 27 106.1 27h.1c122.3 0 224.1-99.6 224.1-222 0-59.3-25.2-115-67.1-157zm-157 341.6c-33.2 0-65.7-8.9-94-25.7l-6.7-4-69.8 18.3L72 359.2l-4.4-7c-18.5-29.4-28.2-63.3-28.2-98.2 0-101.7 82.8-184.5 184.6-184.5 49.3 0 95.6 19.2 130.4 54.1 34.8 34.9 56.2 81.2 56.1 130.5 0 101.8-84.9 184.6-186.6 184.6zm101.2-138.2c-5.5-2.8-32.8-16.2-37.9-18-5.1-1.9-8.8-2.8-12.5 2.8-3.7 5.6-14.3 18-17.6 21.8-3.2 3.7-6.5 4.2-12 1.4-32.6-16.3-54-29.1-75.5-66-5.7-9.8 5.7-9.1 16.3-30.3 1.8-3.7.9-6.9-.5-9.7-1.4-2.8-12.5-30.1-17.1-41.2-4.5-10.8-9.1-9.3-12.5-9.5-3.2-.2-6.9-.2-10.6-.2-3.7 0-9.7 1.4-14.8 6.9-5.1 5.6-19.4 19-19.4 46.3 0 27.3 19.9 53.7 22.6 57.4 2.8 3.7 39.1 59.7 94.8 83.8 35.2 15.2 49 16.5 66.6 13.9 10.7-1.6 32.8-13.4 37.4-26.4 4.6-13 4.6-24.1 3.2-26.4-1.3-2.5-5-3.9-10.5-6.6z\"><\/path><\/svg>\t\t\t\t\t<\/a>\n\t\t\t\t<\/span>\n\t\t\t\t\t\t\t<span class=\"elementor-grid-item\">\n\t\t\t\t\t<a class=\"elementor-icon elementor-social-icon elementor-social-icon-facebook elementor-repeater-item-d8861c0\" href=\"https:\/\/www.facebook.com\/profile.php?id=100095490106636\" target=\"_blank\">\n\t\t\t\t\t\t<span class=\"elementor-screen-only\">Facebook<\/span>\n\t\t\t\t\t\t<svg class=\"e-font-icon-svg e-fab-facebook\" viewbox=\"0 0 512 512\" xmlns=\"http:\/\/www.w3.org\/2000\/svg\"><path d=\"M504 256C504 119 393 8 256 8S8 119 8 256c0 123.78 90.69 226.38 209.25 245V327.69h-63V256h63v-54.64c0-62.15 37-96.48 93.67-96.48 27.14 0 55.52 4.84 55.52 4.84v61h-31.28c-30.8 0-40.41 19.12-40.41 38.73V256h68.78l-11 71.69h-57.78V501C413.31 482.38 504 379.78 504 256z\"><\/path><\/svg>\t\t\t\t\t<\/a>\n\t\t\t\t<\/span>\n\t\t\t\t\t\t\t<span class=\"elementor-grid-item\">\n\t\t\t\t\t<a class=\"elementor-icon elementor-social-icon elementor-social-icon-instagram elementor-repeater-item-24b63ad\" href=\"https:\/\/www.instagram.com\/bunpan23\/\" target=\"_blank\">\n\t\t\t\t\t\t<span class=\"elementor-screen-only\">Instagram<\/span>\n\t\t\t\t\t\t<svg class=\"e-font-icon-svg e-fab-instagram\" viewbox=\"0 0 448 512\" xmlns=\"http:\/\/www.w3.org\/2000\/svg\"><path d=\"M224.1 141c-63.6 0-114.9 51.3-114.9 114.9s51.3 114.9 114.9 114.9S339 319.5 339 255.9 287.7 141 224.1 141zm0 189.6c-41.1 0-74.7-33.5-74.7-74.7s33.5-74.7 74.7-74.7 74.7 33.5 74.7 74.7-33.6 74.7-74.7 74.7zm146.4-194.3c0 14.9-12 26.8-26.8 26.8-14.9 0-26.8-12-26.8-26.8s12-26.8 26.8-26.8 26.8 12 26.8 26.8zm76.1 27.2c-1.7-35.9-9.9-67.7-36.2-93.9-26.2-26.2-58-34.4-93.9-36.2-37-2.1-147.9-2.1-184.9 0-35.8 1.7-67.6 9.9-93.9 36.1s-34.4 58-36.2 93.9c-2.1 37-2.1 147.9 0 184.9 1.7 35.9 9.9 67.7 36.2 93.9s58 34.4 93.9 36.2c37 2.1 147.9 2.1 184.9 0 35.9-1.7 67.7-9.9 93.9-36.2 26.2-26.2 34.4-58 36.2-93.9 2.1-37 2.1-147.8 0-184.8zM398.8 388c-7.8 19.6-22.9 34.7-42.6 42.6-29.5 11.7-99.5 9-132.1 9s-102.7 2.6-132.1-9c-19.6-7.8-34.7-22.9-42.6-42.6-11.7-29.5-9-99.5-9-132.1s-2.6-102.7 9-132.1c7.8-19.6 22.9-34.7 42.6-42.6 29.5-11.7 99.5-9 132.1-9s102.7-2.6 132.1 9c19.6 7.8 34.7 22.9 42.6 42.6 11.7 29.5 9 99.5 9 132.1s2.7 102.7-9 132.1z\"><\/path><\/svg>\t\t\t\t\t<\/a>\n\t\t\t\t<\/span>\n\t\t\t\t\t<\/div>\n\t\t\t\t<\/div>\n\t\t\t\t<\/div>\n\t\t\t\t\t<\/div>\n\t\t<\/div>\n\t\t\t\t\t<\/div>\n\t\t<\/section>\n\t\t\t\t<\/div>","protected":false},"excerpt":{"rendered":"<p>Dane kontaktowe Adres: ul. Koszykowa 60\/62 lok. 10 Warszawa 00-673 Vis a vis Hali Koszyki Telefon: (+48) 787 428 174 E-mail: bunpanthaimassage23@gmail.com Godziny otwarcia: Pon.\u2013Niedz.: 11.00\u201321.00 Akceptuj\u0119 warunki i polityk\u0119 prywatno\u015bci. Envelope Whatsapp Facebook Instagram<\/p>","protected":false},"author":1,"featured_media":0,"parent":0,"menu_order":0,"comment_status":"closed","ping_status":"closed","template":"","meta":{"_monsterinsights_skip_tracking":false,"_monsterinsights_sitenote_active":false,"_monsterinsights_sitenote_note":"","_monsterinsights_sitenote_category":0,"footnotes":""},"class_list":["post-2769","page","type-page","status-publish","hentry"],"yoast_head":"<!-- This site is optimized with the Yoast SEO plugin v23.7 - https:\/\/yoast.com\/wordpress\/plugins\/seo\/ -->\n<title>Kontakt - Bunpan Thai Massage &amp; SPA<\/title>\n<meta name=\"description\" content=\"W celu um\u00f3wienia wizyty w Bunpan Thai Massage &amp; Spa mo\u017cesz zdzwoni\u0107, napisa\u0107 do nas maila lub skorzysta\u0107 z formularza kontaktowego na stronie\" \/>\n<meta name=\"robots\" content=\"index, follow, max-snippet:-1, max-image-preview:large, max-video-preview:-1\" \/>\n<link rel=\"canonical\" href=\"https:\/\/bunpan.pl\/en\/kontakt\/\" \/>\n<meta property=\"og:locale\" content=\"en_GB\" \/>\n<meta property=\"og:type\" content=\"article\" \/>\n<meta property=\"og:title\" content=\"Kontakt - Bunpan Thai Massage &amp; SPA\" \/>\n<meta property=\"og:description\" content=\"W celu um\u00f3wienia wizyty w Bunpan Thai Massage &amp; Spa mo\u017cesz zdzwoni\u0107, napisa\u0107 do nas maila lub skorzysta\u0107 z formularza kontaktowego na stronie\" \/>\n<meta property=\"og:url\" content=\"https:\/\/bunpan.pl\/en\/kontakt\/\" \/>\n<meta property=\"og:site_name\" content=\"Bunpan Thai Massage &amp; SPA\" \/>\n<meta property=\"article:publisher\" content=\"https:\/\/www.facebook.com\/profile.php?id=100095490106636\" \/>\n<meta property=\"article:modified_time\" content=\"2024-07-02T08:46:18+00:00\" \/>\n<meta name=\"twitter:card\" content=\"summary_large_image\" \/>\n<meta name=\"twitter:label1\" content=\"Estimated reading time\" \/>\n\t<meta name=\"twitter:data1\" content=\"1 minute\" \/>\n<script type=\"application\/ld+json\" class=\"yoast-schema-graph\">{\"@context\":\"https:\/\/schema.org\",\"@graph\":[{\"@type\":\"WebPage\",\"@id\":\"https:\/\/bunpan.pl\/kontakt\/\",\"url\":\"https:\/\/bunpan.pl\/kontakt\/\",\"name\":\"Kontakt - Bunpan Thai Massage &amp; SPA\",\"isPartOf\":{\"@id\":\"https:\/\/bunpan.pl\/#website\"},\"datePublished\":\"2024-06-24T01:50:44+00:00\",\"dateModified\":\"2024-07-02T08:46:18+00:00\",\"description\":\"W celu um\u00f3wienia wizyty w Bunpan Thai Massage & Spa mo\u017cesz zdzwoni\u0107, napisa\u0107 do nas maila lub skorzysta\u0107 z formularza kontaktowego na stronie\",\"breadcrumb\":{\"@id\":\"https:\/\/bunpan.pl\/kontakt\/#breadcrumb\"},\"inLanguage\":\"en-GB\",\"potentialAction\":[{\"@type\":\"ReadAction\",\"target\":[\"https:\/\/bunpan.pl\/kontakt\/\"]}]},{\"@type\":\"BreadcrumbList\",\"@id\":\"https:\/\/bunpan.pl\/kontakt\/#breadcrumb\",\"itemListElement\":[{\"@type\":\"ListItem\",\"position\":1,\"name\":\"Strona g\u0142\u00f3wna\",\"item\":\"https:\/\/bunpan.pl\/\"},{\"@type\":\"ListItem\",\"position\":2,\"name\":\"Kontakt\"}]},{\"@type\":\"WebSite\",\"@id\":\"https:\/\/bunpan.pl\/#website\",\"url\":\"https:\/\/bunpan.pl\/\",\"name\":\"Bunpan Thai Massage & SPA\",\"description\":\"\",\"publisher\":{\"@id\":\"https:\/\/bunpan.pl\/#organization\"},\"potentialAction\":[{\"@type\":\"SearchAction\",\"target\":{\"@type\":\"EntryPoint\",\"urlTemplate\":\"https:\/\/bunpan.pl\/?s={search_term_string}\"},\"query-input\":{\"@type\":\"PropertyValueSpecification\",\"valueRequired\":true,\"valueName\":\"search_term_string\"}}],\"inLanguage\":\"en-GB\"},{\"@type\":\"Organization\",\"@id\":\"https:\/\/bunpan.pl\/#organization\",\"name\":\"Bunpan Thai Massage & SPA\",\"url\":\"https:\/\/bunpan.pl\/\",\"logo\":{\"@type\":\"ImageObject\",\"inLanguage\":\"en-GB\",\"@id\":\"https:\/\/bunpan.pl\/#\/schema\/logo\/image\/\",\"url\":\"https:\/\/bunpan.pl\/wp-content\/uploads\/2024\/06\/cropped-bunpan-logotyp-padding-150px.png.webp\",\"contentUrl\":\"https:\/\/bunpan.pl\/wp-content\/uploads\/2024\/06\/cropped-bunpan-logotyp-padding-150px.png.webp\",\"width\":512,\"height\":512,\"caption\":\"Bunpan Thai Massage & SPA\"},\"image\":{\"@id\":\"https:\/\/bunpan.pl\/#\/schema\/logo\/image\/\"},\"sameAs\":[\"https:\/\/www.facebook.com\/profile.php?id=100095490106636\",\"https:\/\/www.instagram.com\/bunpan23\/\"]}]}<\/script>\n<!-- \/ Yoast SEO plugin. -->","yoast_head_json":{"title":"Kontakt - Bunpan Thai Massage &amp; SPA","description":"W celu um\u00f3wienia wizyty w Bunpan Thai Massage & Spa mo\u017cesz zdzwoni\u0107, napisa\u0107 do nas maila lub skorzysta\u0107 z formularza kontaktowego na stronie","robots":{"index":"index","follow":"follow","max-snippet":"max-snippet:-1","max-image-preview":"max-image-preview:large","max-video-preview":"max-video-preview:-1"},"canonical":"https:\/\/bunpan.pl\/en\/kontakt\/","og_locale":"en_GB","og_type":"article","og_title":"Kontakt - Bunpan Thai Massage &amp; SPA","og_description":"W celu um\u00f3wienia wizyty w Bunpan Thai Massage & Spa mo\u017cesz zdzwoni\u0107, napisa\u0107 do nas maila lub skorzysta\u0107 z formularza kontaktowego na stronie","og_url":"https:\/\/bunpan.pl\/en\/kontakt\/","og_site_name":"Bunpan Thai Massage &amp; SPA","article_publisher":"https:\/\/www.facebook.com\/profile.php?id=100095490106636","article_modified_time":"2024-07-02T08:46:18+00:00","twitter_card":"summary_large_image","twitter_misc":{"Estimated reading time":"1 minute"},"schema":{"@context":"https:\/\/schema.org","@graph":[{"@type":"WebPage","@id":"https:\/\/bunpan.pl\/kontakt\/","url":"https:\/\/bunpan.pl\/kontakt\/","name":"Kontakt - Bunpan Thai Massage &amp; SPA","isPartOf":{"@id":"https:\/\/bunpan.pl\/#website"},"datePublished":"2024-06-24T01:50:44+00:00","dateModified":"2024-07-02T08:46:18+00:00","description":"W celu um\u00f3wienia wizyty w Bunpan Thai Massage & Spa mo\u017cesz zdzwoni\u0107, napisa\u0107 do nas maila lub skorzysta\u0107 z formularza kontaktowego na stronie","breadcrumb":{"@id":"https:\/\/bunpan.pl\/kontakt\/#breadcrumb"},"inLanguage":"en-GB","potentialAction":[{"@type":"ReadAction","target":["https:\/\/bunpan.pl\/kontakt\/"]}]},{"@type":"BreadcrumbList","@id":"https:\/\/bunpan.pl\/kontakt\/#breadcrumb","itemListElement":[{"@type":"ListItem","position":1,"name":"Strona g\u0142\u00f3wna","item":"https:\/\/bunpan.pl\/"},{"@type":"ListItem","position":2,"name":"Kontakt"}]},{"@type":"WebSite","@id":"https:\/\/bunpan.pl\/#website","url":"https:\/\/bunpan.pl\/","name":"Bunpan Thai Massage & SPA","description":"","publisher":{"@id":"https:\/\/bunpan.pl\/#organization"},"potentialAction":[{"@type":"SearchAction","target":{"@type":"EntryPoint","urlTemplate":"https:\/\/bunpan.pl\/?s={search_term_string}"},"query-input":{"@type":"PropertyValueSpecification","valueRequired":true,"valueName":"search_term_string"}}],"inLanguage":"en-GB"},{"@type":"Organization","@id":"https:\/\/bunpan.pl\/#organization","name":"Bunpan Thai Massage & SPA","url":"https:\/\/bunpan.pl\/","logo":{"@type":"ImageObject","inLanguage":"en-GB","@id":"https:\/\/bunpan.pl\/#\/schema\/logo\/image\/","url":"https:\/\/bunpan.pl\/wp-content\/uploads\/2024\/06\/cropped-bunpan-logotyp-padding-150px.png.webp","contentUrl":"https:\/\/bunpan.pl\/wp-content\/uploads\/2024\/06\/cropped-bunpan-logotyp-padding-150px.png.webp","width":512,"height":512,"caption":"Bunpan Thai Massage & SPA"},"image":{"@id":"https:\/\/bunpan.pl\/#\/schema\/logo\/image\/"},"sameAs":["https:\/\/www.facebook.com\/profile.php?id=100095490106636","https:\/\/www.instagram.com\/bunpan23\/"]}]}},"_links":{"self":[{"href":"https:\/\/bunpan.pl\/en\/wp-json\/wp\/v2\/pages\/2769","targetHints":{"allow":["GET"]}}],"collection":[{"href":"https:\/\/bunpan.pl\/en\/wp-json\/wp\/v2\/pages"}],"about":[{"href":"https:\/\/bunpan.pl\/en\/wp-json\/wp\/v2\/types\/page"}],"author":[{"embeddable":true,"href":"https:\/\/bunpan.pl\/en\/wp-json\/wp\/v2\/users\/1"}],"replies":[{"embeddable":true,"href":"https:\/\/bunpan.pl\/en\/wp-json\/wp\/v2\/comments?post=2769"}],"version-history":[{"count":0,"href":"https:\/\/bunpan.pl\/en\/wp-json\/wp\/v2\/pages\/2769\/revisions"}],"wp:attachment":[{"href":"https:\/\/bunpan.pl\/en\/wp-json\/wp\/v2\/media?parent=2769"}],"curies":[{"name":"wp","href":"https:\/\/api.w.org\/{rel}","templated":true}]}}